{"id":457,"date":"2019-06-05T14:56:56","date_gmt":"2019-06-05T14:56:56","guid":{"rendered":"https:\/\/reading-physio.co.uk\/?page_id=457"},"modified":"2021-01-20T10:27:39","modified_gmt":"2021-01-20T10:27:39","slug":"wspolpraca","status":"publish","type":"page","link":"https:\/\/reading-physio.co.uk\/pl\/wspolpraca\/","title":{"rendered":"Wsp\u00f3\u0142praca"},"content":{"rendered":"[vc_row][vc_column][vc_column_text]\n<h3>Wsp\u00f3\u0142pracujemy z salonem Cymerman, gdzie wykonywane s\u0105 zabiegi w zakresie piel\u0119gnacji st\u00f3p oraz dobierane s\u0105 wk\u0142adki odci\u0105\u017ceniowe PWO dla naszych pacjent\u00f3w.<\/h3>\n[\/vc_column_text][\/vc_column][\/vc_row][vc_row][vc_column width=&#8221;1\/3&#8243;][vc_single_image image=&#8221;580&#8243; img_size=&#8221;medium&#8221; onclick=&#8221;custom_link&#8221; img_link_target=&#8221;_blank&#8221; link=&#8221;http:\/\/www.cymermansalon.com&#8221;][\/vc_column][vc_column width=&#8221;1\/3&#8243;][\/vc_column][\/vc_row]\n","protected":false},"excerpt":{"rendered":"<p>[vc_row][vc_column][vc_column_text] Wsp\u00f3\u0142pracujemy z salonem Cymerman, gdzie wykonywane s\u0105 zabiegi w zakresie piel\u0119gnacji st\u00f3p oraz dobierane s\u0105 wk\u0142adki odci\u0105\u017ceniowe PWO dla naszych pacjent\u00f3w. [\/vc_column_text][\/vc_column][\/vc_row][vc_row][vc_column width=&#8221;1\/3&#8243;][vc_single_image image=&#8221;580&#8243; img_size=&#8221;medium&#8221; onclick=&#8221;custom_link&#8221; img_link_target=&#8221;_blank&#8221; link=&#8221;http:\/\/www.cymermansalon.com&#8221;][\/vc_column][vc_column width=&#8221;1\/3&#8243;][\/vc_column][\/vc_row]<\/p>\n","protected":false},"author":1,"featured_media":0,"parent":0,"menu_order":0,"comment_status":"closed","ping_status":"closed","template":"","meta":[],"yst_prominent_words":[],"_links":{"self":[{"href":"https:\/\/reading-physio.co.uk\/pl\/wp-json\/wp\/v2\/pages\/457\/"}],"collection":[{"href":"https:\/\/reading-physio.co.uk\/pl\/wp-json\/wp\/v2\/pages\/"}],"about":[{"href":"https:\/\/reading-physio.co.uk\/pl\/wp-json\/wp\/v2\/types\/page\/"}],"author":[{"embeddable":true,"href":"https:\/\/reading-physio.co.uk\/pl\/wp-json\/wp\/v2\/users\/1\/"}],"replies":[{"embeddable":true,"href":"https:\/\/reading-physio.co.uk\/pl\/wp-json\/wp\/v2\/comments\/?post=457"}],"version-history":[{"count":14,"href":"https:\/\/reading-physio.co.uk\/pl\/wp-json\/wp\/v2\/pages\/457\/revisions\/"}],"predecessor-version":[{"id":647,"href":"https:\/\/reading-physio.co.uk\/pl\/wp-json\/wp\/v2\/pages\/457\/revisions\/647\/"}],"wp:attachment":[{"href":"https:\/\/reading-physio.co.uk\/pl\/wp-json\/wp\/v2\/media\/?parent=457"}],"wp:term":[{"taxonomy":"yst_prominent_words","embeddable":true,"href":"https:\/\/reading-physio.co.uk\/pl\/wp-json\/wp\/v2\/yst_prominent_words\/?post=457"}],"curies":[{"name":"wp","href":"https:\/\/api.w.org\/{rel}","templated":true}]}}