{"id":419,"date":"2018-12-02T23:38:56","date_gmt":"2018-12-02T23:38:56","guid":{"rendered":"https:\/\/reading-physio.co.uk\/?page_id=419"},"modified":"2024-09-10T08:25:36","modified_gmt":"2024-09-10T08:25:36","slug":"ceny","status":"publish","type":"page","link":"https:\/\/reading-physio.co.uk\/pl\/ceny\/","title":{"rendered":"Ceny"},"content":{"rendered":"[vc_row][vc_column][vc_column_text]<strong>Pierwsza wizyta (<em>Initial assessment and treatment<\/em>) 60 minut &#8211; \u00a380<\/strong><\/p>\n<p>Wizyta obejmuje diagnostyk\u0119 oraz terapi\u0119. Nie pobierane s\u0105 dodatkowe op\u0142aty za u\u017cycie USG, fali uderzeniowej, TECAR, laseroterapii, magnetoterapii, krioterapii i innych.<\/p>\n<p><strong>Kolejne wizyty (<em>follow up<\/em>) 45 minut &#8211; \u00a370<\/strong><\/p>\n<p>W trakcie tych wizyt wykonywane s\u0105 zabiegi, monitorowany jest progres terapii oraz wykonywane jest badanie przesiewowe kolejnych struktur (screening). Nie pobierane s\u0105 dodatkowe op\u0142aty za u\u017cycie fali uderzeniowej, TECAR, laseroterapii, magnetoterapii, krioterapii i innych.<\/p>\n<p><strong>Terapia EPTE (<em>przezsk\u00f3rna elektroliza \u015bci\u0119gien<\/em>)<\/strong> <strong>&#8211; cena jednego zabiegu \u00a3100<\/strong><\/p>\n<p>&nbsp;<\/p>\n<p>P\u0142atno\u015b\u0107 got\u00f3wk\u0105, kart\u0105 lub przelewem.<\/p>\n<p>&nbsp;<\/p>\n<div class=\"call-to-action\">\n<p class=\"desc btn-large\"><a class=\"btn btn-custom btn-large\" title=\"Kontakt\" href=\"https:\/\/reading-physio.co.uk\/pl\/kontakt\/\" data-bgcolor=\"#ff740e\" data-bghovercolor=\"#ff8d25\">Zarezerwuj wizyt\u0119<\/a><\/p>\n<\/div>\n[\/vc_column_text]<div class=\"row-fluid alterna-space normal \"><\/div>[\/vc_column][\/vc_row][vc_row][vc_column width=&#8221;1\/3&#8243;][vc_single_image image=&#8221;212&#8243; img_size=&#8221;full&#8221; alignment=&#8221;center&#8221;][\/vc_column][vc_column width=&#8221;1\/3&#8243;][vc_single_image image=&#8221;213&#8243; img_size=&#8221;full&#8221; alignment=&#8221;center&#8221;][\/vc_column][vc_column width=&#8221;1\/3&#8243;][vc_single_image image=&#8221;214&#8243; img_size=&#8221;full&#8221; alignment=&#8221;center&#8221;][\/vc_column][\/vc_row][vc_row][vc_column][vc_column_text]\n[\/vc_column_text][\/vc_column][\/vc_row]\n","protected":false},"excerpt":{"rendered":"<p>[vc_row][vc_column][vc_column_text]Pierwsza wizyta (Initial assessment and treatment) 60 minut &#8211; \u00a380 Wizyta obejmuje diagnostyk\u0119 oraz terapi\u0119. Nie pobierane s\u0105 dodatkowe op\u0142aty za u\u017cycie USG, fali uderzeniowej, TECAR, laseroterapii, magnetoterapii, krioterapii i innych. Kolejne wizyty (follow up) 45 minut &#8211; \u00a370 W trakcie tych wizyt wykonywane s\u0105 zabiegi, monitorowany jest progres terapii oraz wykonywane jest badanie przesiewowe [&hellip;]<\/p>\n","protected":false},"author":1,"featured_media":0,"parent":0,"menu_order":0,"comment_status":"closed","ping_status":"closed","template":"","meta":[],"yst_prominent_words":[],"_links":{"self":[{"href":"https:\/\/reading-physio.co.uk\/pl\/wp-json\/wp\/v2\/pages\/419\/"}],"collection":[{"href":"https:\/\/reading-physio.co.uk\/pl\/wp-json\/wp\/v2\/pages\/"}],"about":[{"href":"https:\/\/reading-physio.co.uk\/pl\/wp-json\/wp\/v2\/types\/page\/"}],"author":[{"embeddable":true,"href":"https:\/\/reading-physio.co.uk\/pl\/wp-json\/wp\/v2\/users\/1\/"}],"replies":[{"embeddable":true,"href":"https:\/\/reading-physio.co.uk\/pl\/wp-json\/wp\/v2\/comments\/?post=419"}],"version-history":[{"count":16,"href":"https:\/\/reading-physio.co.uk\/pl\/wp-json\/wp\/v2\/pages\/419\/revisions\/"}],"predecessor-version":[{"id":824,"href":"https:\/\/reading-physio.co.uk\/pl\/wp-json\/wp\/v2\/pages\/419\/revisions\/824\/"}],"wp:attachment":[{"href":"https:\/\/reading-physio.co.uk\/pl\/wp-json\/wp\/v2\/media\/?parent=419"}],"wp:term":[{"taxonomy":"yst_prominent_words","embeddable":true,"href":"https:\/\/reading-physio.co.uk\/pl\/wp-json\/wp\/v2\/yst_prominent_words\/?post=419"}],"curies":[{"name":"wp","href":"https:\/\/api.w.org\/{rel}","templated":true}]}}