{"id":281,"date":"2015-02-27T01:43:29","date_gmt":"2015-02-27T01:43:29","guid":{"rendered":"https:\/\/reading-physio.co.uk\/?page_id=281"},"modified":"2021-10-08T17:04:19","modified_gmt":"2021-10-08T17:04:19","slug":"aktualnosci","status":"publish","type":"page","link":"https:\/\/reading-physio.co.uk\/pl\/aktualnosci\/","title":{"rendered":"Aktualno\u015bci"},"content":{"rendered":"[vc_row][vc_column width=&#8221;1\/3&#8243;][\/vc_column][vc_column width=&#8221;1\/3&#8243;][vc_single_image image=&#8221;474&#8243; img_size=&#8221;medium&#8221; alignment=&#8221;center&#8221; onclick=&#8221;link_image&#8221;][vc_column_text]\n<p style=\"text-align: center;\">Zapraszam do gabinetu pod adresem\u00a0<strong>29 Bromley Walk, Reading RG30 4LR.<\/strong><\/p>\n<p style=\"text-align: center;\">Rejestracja telefoniczna jest wymagana \u2013 tel.\u00a0<strong>07804200419<\/strong><\/p>\n[\/vc_column_text][\/vc_column][vc_column width=&#8221;1\/3&#8243;][\/vc_column][\/vc_row][vc_row][vc_column width=&#8221;1\/3&#8243;][vc_single_image image=&#8221;722&#8243; img_size=&#8221;medium&#8221; alignment=&#8221;center&#8221; onclick=&#8221;link_image&#8221;][\/vc_column][vc_column width=&#8221;1\/3&#8243;][vc_single_image image=&#8221;720&#8243; img_size=&#8221;medium&#8221; alignment=&#8221;center&#8221; onclick=&#8221;link_image&#8221;][\/vc_column][vc_column width=&#8221;1\/3&#8243;][vc_single_image image=&#8221;718&#8243; img_size=&#8221;medium&#8221; alignment=&#8221;center&#8221; onclick=&#8221;link_image&#8221;][\/vc_column][\/vc_row][vc_row][vc_column][vc_column_text]\n<div class=\"title span12\">\n<h3 style=\"text-align: center;\">Zapraszam<\/h3>\n<div class=\"line\"><\/div>\n<\/div>\n[\/vc_column_text][\/vc_column][\/vc_row][vc_row el_class=&#8221;spaces-fix&#8221;][vc_column][vc_column_text]\n<p>Zapraszam na diagnostyk\u0119 balansu mie\u015bniowego wg metody Kinetic Control. Umo\u017cliwia ona wykrycie zmian strukturalnych \u00a0i funkcjonalnych w uk\u0142adzie mi\u0119\u015bniowo szkieletowym oraz prewencj\u0119 przysz\u0142ych uraz\u00f3w i uszkodze\u0144.<\/p>\n<p>Wykonuje rehabilitacje w chorobach neurologicznych takich jak udar, SM, uszkodzenia rdzenia kregowego jak rowniez rehabilitacje dzieci z chorobami neuro-rozwojowymi takimi jak dzieciece porazenie mozgowe aczkolwiek oferta skierowana jest tylko dla dzieci starszych od 6 roku zycia.[\/vc_column_text][\/vc_column][\/vc_row][vc_row][vc_column][vc_column_text]\n<div class=\"title span12\">\n<h3 style=\"text-align: center;\">Wideo<\/h3>\n<div class=\"line\"><\/div>\n<\/div>\n[\/vc_column_text][\/vc_column][\/vc_row][vc_row][vc_column][vc_column_text]\n<div class=\"title span12\">\n<h4>Terapia powi\u0119ziowa IASTM w przypadku zespo\u0142u \u201e\u0142okcia tenisisty\u201d<\/h4>\n<div style=\"width: 940px;\" class=\"wp-video\"><!--[if lt IE 9]><script>document.createElement('video');<\/script><![endif]-->\n<video class=\"wp-video-shortcode\" id=\"video-281-1\" width=\"940\" height=\"529\" preload=\"metadata\" controls=\"controls\"><source type=\"video\/mp4\" src=\"https:\/\/reading-physio.co.uk\/wp-content\/uploads\/2020\/06\/IASTM-lokiec.mp4?_=1\" \/><a href=\"https:\/\/reading-physio.co.uk\/wp-content\/uploads\/2020\/06\/IASTM-lokiec.mp4\">https:\/\/reading-physio.co.uk\/wp-content\/uploads\/2020\/06\/IASTM-lokiec.mp4<\/a><\/video><\/div><\/div>\n[\/vc_column_text][\/vc_column][\/vc_row][vc_row el_class=&#8221;spaces-fix&#8221;][vc_column][vc_separator border_width=&#8221;5&#8243;][vc_column_text]\n<div class=\"title span12\">\n<h4>Fala uderzeniowa na ostrog\u0119 pi\u0119tow\u0105<\/h4>\n<div style=\"width: 940px;\" class=\"wp-video\"><video class=\"wp-video-shortcode\" id=\"video-281-2\" width=\"940\" height=\"529\" preload=\"metadata\" controls=\"controls\"><source type=\"video\/mp4\" src=\"https:\/\/reading-physio.co.uk\/wp-content\/uploads\/2020\/06\/ST.mp4?_=2\" \/><a href=\"https:\/\/reading-physio.co.uk\/wp-content\/uploads\/2020\/06\/ST.mp4\">https:\/\/reading-physio.co.uk\/wp-content\/uploads\/2020\/06\/ST.mp4<\/a><\/video><\/div><\/div>\n[\/vc_column_text][\/vc_column][\/vc_row][vc_row el_class=&#8221;spaces-fix&#8221;][vc_column][vc_separator border_width=&#8221;5&#8243;][vc_column_text]\n<div class=\"title span12\">\n<h4>Elektrostymulacja mi\u0119\u015bni po operacyjnej rekonstrukcji wi\u0119zad\u0142a krzy\u017cowego przedniego<\/h4>\n<div style=\"width: 940px;\" class=\"wp-video\"><video class=\"wp-video-shortcode\" id=\"video-281-3\" width=\"940\" height=\"529\" preload=\"metadata\" controls=\"controls\"><source type=\"video\/mp4\" src=\"https:\/\/reading-physio.co.uk\/wp-content\/uploads\/2020\/06\/ES-VMO.mp4?_=3\" \/><a href=\"https:\/\/reading-physio.co.uk\/wp-content\/uploads\/2020\/06\/ES-VMO.mp4\">https:\/\/reading-physio.co.uk\/wp-content\/uploads\/2020\/06\/ES-VMO.mp4<\/a><\/video><\/div><\/div>\n[\/vc_column_text][\/vc_column][\/vc_row][vc_row el_class=&#8221;spaces-fix&#8221;][vc_column][vc_separator border_width=&#8221;5&#8243;][vc_column_text]\n<div class=\"title span12\">\n<h4>Zabieg krioterapii odcinka l\u0119d\u017awiowego kr\u0119gos\u0142upa przy u\u017cyciu dwutlenku w\u0119gla<\/h4>\n<div style=\"width: 940px;\" class=\"wp-video\"><video class=\"wp-video-shortcode\" id=\"video-281-4\" width=\"940\" height=\"529\" preload=\"metadata\" controls=\"controls\"><source type=\"video\/mp4\" src=\"https:\/\/reading-physio.co.uk\/wp-content\/uploads\/2020\/06\/20200521_114707.mp4?_=4\" \/><a href=\"https:\/\/reading-physio.co.uk\/wp-content\/uploads\/2020\/06\/20200521_114707.mp4\">https:\/\/reading-physio.co.uk\/wp-content\/uploads\/2020\/06\/20200521_114707.mp4<\/a><\/video><\/div><\/div>\n[\/vc_column_text][\/vc_column][\/vc_row][vc_row el_class=&#8221;spaces-fix&#8221;][vc_column][vc_separator border_width=&#8221;5&#8243;][vc_column_text]\n<div class=\"title span12\">\n<h4>Zastosowanie Kinesio tapingu po urazie skr\u0119cenia kostki bocznej<\/h4>\n<\/div>\n[\/vc_column_text][\/vc_column][\/vc_row][vc_row el_class=&#8221;spaces-fix&#8221;][vc_column width=&#8221;1\/3&#8243;][\/vc_column][vc_column width=&#8221;1\/3&#8243;][vc_single_image image=&#8221;726&#8243; img_size=&#8221;medium&#8221; alignment=&#8221;center&#8221; onclick=&#8221;link_image&#8221;][\/vc_column][vc_column width=&#8221;1\/3&#8243;][\/vc_column][\/vc_row][vc_row el_class=&#8221;spaces-fix&#8221;][vc_column][vc_separator border_width=&#8221;5&#8243;][vc_column_text]\n<div class=\"title span12\">\n<h4>Badanie podoskopowe st\u00f3p, ektrostymulacja pr\u0105dami Ultra Reiz oraz na\u015bwietlanie lamp\u0105 Sollux<\/h4>\n<\/div>\n[\/vc_column_text][\/vc_column][\/vc_row][vc_row el_class=&#8221;spaces-fix&#8221;][vc_column width=&#8221;1\/3&#8243;][vc_single_image image=&#8221;716&#8243; img_size=&#8221;medium&#8221; alignment=&#8221;center&#8221; onclick=&#8221;link_image&#8221;][\/vc_column][vc_column width=&#8221;1\/3&#8243;][vc_single_image image=&#8221;714&#8243; img_size=&#8221;medium&#8221; alignment=&#8221;center&#8221; onclick=&#8221;link_image&#8221;][\/vc_column][vc_column width=&#8221;1\/3&#8243;][vc_single_image image=&#8221;724&#8243; img_size=&#8221;medium&#8221; alignment=&#8221;center&#8221; onclick=&#8221;link_image&#8221;][\/vc_column][\/vc_row][vc_row el_class=&#8221;spaces-fix&#8221;][vc_column][vc_separator border_width=&#8221;5&#8243;][vc_column_text]\n<div class=\"title span12\">\n<h4>Zabieg magnetoterapii w przypadku op\u00f3\u017anionego zrostu kostnego<\/h4>\n<div style=\"width: 940px;\" class=\"wp-video\"><video class=\"wp-video-shortcode\" id=\"video-281-5\" width=\"940\" height=\"529\" preload=\"metadata\" controls=\"controls\"><source type=\"video\/mp4\" src=\"https:\/\/reading-physio.co.uk\/wp-content\/uploads\/2020\/11\/MT-film.mp4?_=5\" \/><a href=\"https:\/\/reading-physio.co.uk\/wp-content\/uploads\/2020\/11\/MT-film.mp4\">https:\/\/reading-physio.co.uk\/wp-content\/uploads\/2020\/11\/MT-film.mp4<\/a><\/video><\/div><\/div>\n[\/vc_column_text][\/vc_column][\/vc_row][vc_row el_class=&#8221;spaces-fix&#8221;][vc_column][vc_separator border_width=&#8221;5&#8243;][vc_column_text]\n<div class=\"title span12\">\n<h4>Zabieg ultrad\u017awi\u0119k\u00f3w na staw \u015br\u00f3dstopno-paliczkowy palucha<\/h4>\n<div style=\"width: 940px;\" class=\"wp-video\"><video class=\"wp-video-shortcode\" id=\"video-281-6\" width=\"940\" height=\"529\" preload=\"metadata\" controls=\"controls\"><source type=\"video\/mp4\" src=\"https:\/\/reading-physio.co.uk\/wp-content\/uploads\/2020\/11\/US-film.mp4?_=6\" \/><a href=\"https:\/\/reading-physio.co.uk\/wp-content\/uploads\/2020\/11\/US-film.mp4\">https:\/\/reading-physio.co.uk\/wp-content\/uploads\/2020\/11\/US-film.mp4<\/a><\/video><\/div><\/div>\n[\/vc_column_text][\/vc_column][\/vc_row][vc_row el_class=&#8221;spaces-fix&#8221;][vc_column][vc_separator color=&#8221;white&#8221; border_width=&#8221;5&#8243;][\/vc_column][\/vc_row]\n","protected":false},"excerpt":{"rendered":"<p>[vc_row][vc_column width=&#8221;1\/3&#8243;][\/vc_column][vc_column width=&#8221;1\/3&#8243;][vc_single_image image=&#8221;474&#8243; img_size=&#8221;medium&#8221; alignment=&#8221;center&#8221; onclick=&#8221;link_image&#8221;][vc_column_text] Zapraszam do gabinetu pod adresem\u00a029 Bromley Walk, Reading RG30 4LR. Rejestracja telefoniczna jest wymagana \u2013 tel.\u00a007804200419 [\/vc_column_text][\/vc_column][vc_column width=&#8221;1\/3&#8243;][\/vc_column][\/vc_row][vc_row][vc_column width=&#8221;1\/3&#8243;][vc_single_image image=&#8221;722&#8243; img_size=&#8221;medium&#8221; alignment=&#8221;center&#8221; onclick=&#8221;link_image&#8221;][\/vc_column][vc_column width=&#8221;1\/3&#8243;][vc_single_image image=&#8221;720&#8243; img_size=&#8221;medium&#8221; alignment=&#8221;center&#8221; onclick=&#8221;link_image&#8221;][\/vc_column][vc_column width=&#8221;1\/3&#8243;][vc_single_image image=&#8221;718&#8243; img_size=&#8221;medium&#8221; alignment=&#8221;center&#8221; onclick=&#8221;link_image&#8221;][\/vc_column][\/vc_row][vc_row][vc_column][vc_column_text] Zapraszam [\/vc_column_text][\/vc_column][\/vc_row][vc_row el_class=&#8221;spaces-fix&#8221;][vc_column][vc_column_text] Zapraszam na diagnostyk\u0119 balansu mie\u015bniowego wg metody Kinetic Control. Umo\u017cliwia ona wykrycie [&hellip;]<\/p>\n","protected":false},"author":1,"featured_media":474,"parent":0,"menu_order":0,"comment_status":"closed","ping_status":"closed","template":"","meta":[],"yst_prominent_words":[],"_links":{"self":[{"href":"https:\/\/reading-physio.co.uk\/pl\/wp-json\/wp\/v2\/pages\/281\/"}],"collection":[{"href":"https:\/\/reading-physio.co.uk\/pl\/wp-json\/wp\/v2\/pages\/"}],"about":[{"href":"https:\/\/reading-physio.co.uk\/pl\/wp-json\/wp\/v2\/types\/page\/"}],"author":[{"embeddable":true,"href":"https:\/\/reading-physio.co.uk\/pl\/wp-json\/wp\/v2\/users\/1\/"}],"replies":[{"embeddable":true,"href":"https:\/\/reading-physio.co.uk\/pl\/wp-json\/wp\/v2\/comments\/?post=281"}],"version-history":[{"count":29,"href":"https:\/\/reading-physio.co.uk\/pl\/wp-json\/wp\/v2\/pages\/281\/revisions\/"}],"predecessor-version":[{"id":808,"href":"https:\/\/reading-physio.co.uk\/pl\/wp-json\/wp\/v2\/pages\/281\/revisions\/808\/"}],"wp:featuredmedia":[{"embeddable":true,"href":"https:\/\/reading-physio.co.uk\/pl\/wp-json\/wp\/v2\/media\/474\/"}],"wp:attachment":[{"href":"https:\/\/reading-physio.co.uk\/pl\/wp-json\/wp\/v2\/media\/?parent=281"}],"wp:term":[{"taxonomy":"yst_prominent_words","embeddable":true,"href":"https:\/\/reading-physio.co.uk\/pl\/wp-json\/wp\/v2\/yst_prominent_words\/?post=281"}],"curies":[{"name":"wp","href":"https:\/\/api.w.org\/{rel}","templated":true}]}}