{"id":279,"date":"2015-02-27T01:42:21","date_gmt":"2015-02-27T01:42:21","guid":{"rendered":"https:\/\/reading-physio.co.uk\/?page_id=279"},"modified":"2024-09-05T15:43:24","modified_gmt":"2024-09-05T15:43:24","slug":"faq-2","status":"publish","type":"page","link":"https:\/\/reading-physio.co.uk\/pl\/faq-2\/","title":{"rendered":"FAQ"},"content":{"rendered":"[vc_row][vc_column][vc_column_text]\n<h3>Jak mog\u0119 zarezerwowa\u0107 wizyt\u0119?<\/h3>\n<p>By zarezerwowa\u0107 wizyt\u0119 prosimy o kontakt pod numerem telefonu 07804 200 419 lub 07515539395<\/p>\n<h3>Jakie s\u0105 koszty wizyt?<\/h3>\n<p>Pierwsza wizyta u fizjoterapeuty kosztuje \u00a380. Cena kolejnych wizyt to \u00a370.<\/p>\n<h3>Jak d\u0142ugo trwa pierwsza wizyta?<\/h3>\n<p>Pierwsza wizyta trwa oko\u0142o 1h, podczas tej wizyty wykonana jest diagnostyka i terapia.<\/p>\n<h3>Ile trwa kolejna wizyta?<\/h3>\n<p>D\u0142ugo\u015b\u0107 kolejnej wizyty zale\u017cy od metody leczenia i schorzenia, ale zazwyczaj trwa 45 minut. W czasie wizyty wykonywane jest ponowne cz\u0119\u015bciowe badanie w celu sprawdzenia post\u0119p\u00f3w terapii oraz zabiegi.<\/p>\n<h3>Czy musz\u0119 najpierw odwiedzi\u0107 lekarza przed wizyt\u0105?<\/h3>\n<p>Nie, nie ma takiej potrzeby. W Wielkiej Brytanii fizjoterapeuta jest w pe\u0142ni uprawniony do diagnostyki i leczenia pacjent\u00f3w. W ramach tzw. \u201eself referral\u201d czyli dos\u0142ownie samodzielnego skierowania pacjent ma mo\u017cliwo\u015b\u0107 skorzystania z us\u0142ug fizjoterapeuty bez wizyty u lekarza.<\/p>\n<p>W wyniku badania fizjoterapeutycznego mo\u017ce pojawi\u0107 si\u0119 sytuacja, \u017ce pacjent zostanie przekierowany do innego specjalisty, w celu wykonania dalszej diagnostyki. Dzieje si\u0119 tak w przypadku podejrzenia powa\u017cnych schorze\u0144.<\/p>\n<h3>Czy b\u0119d\u0119 musia\u0142 wykonywa\u0107 jakie\u015b \u0107wiczenia pomi\u0119dzy wizytami?<\/h3>\n<p>W zale\u017cno\u015bci od problemu pacjenta mog\u0105 zosta\u0107 zlecone \u0107wiczenia domowe. Cz\u0119sto jest to bardzo istotny element terapii, kt\u00f3ry pozwala na utrwalenie efekt\u00f3w. Wykonanie niekt\u00f3rych \u0107wicze\u0144 jest niezb\u0119dne do kontynuacji i progresji terapii.<\/p>\n<h3>Czy musz\u0119 przygotowa\u0107 dokumenty dotycz\u0105ce swojej choroby np. zdj\u0119cia RTG przed wizyta?<\/h3>\n<p>Nie jest to wymagane, aczkolwiek w niekt\u00f3rych przypadkach mo\u017ce by\u0107 pomocne.<\/p>\n<h3>Jak mog\u0119 zap\u0142aci\u0107 za wizyt\u0119?<\/h3>\n<p>Przyjmuj\u0119 p\u0142atno\u015bci got\u00f3wk\u0105 lub kart\u0105. Mo\u017cna r\u00f3wnie\u017c dokona\u0107 przelewu na konto.[\/vc_column_text][\/vc_column][\/vc_row][vc_row][vc_column width=&#8221;1\/3&#8243;][vc_single_image image=&#8221;212&#8243; img_size=&#8221;full&#8221; alignment=&#8221;center&#8221;][\/vc_column][vc_column width=&#8221;1\/3&#8243;][vc_single_image image=&#8221;213&#8243; img_size=&#8221;full&#8221; alignment=&#8221;center&#8221;][\/vc_column][vc_column width=&#8221;1\/3&#8243;][vc_single_image image=&#8221;214&#8243; img_size=&#8221;full&#8221; alignment=&#8221;center&#8221;][\/vc_column][\/vc_row]\n","protected":false},"excerpt":{"rendered":"<p>[vc_row][vc_column][vc_column_text] Jak mog\u0119 zarezerwowa\u0107 wizyt\u0119? By zarezerwowa\u0107 wizyt\u0119 prosimy o kontakt pod numerem telefonu 07804 200 419 lub 07515539395 Jakie s\u0105 koszty wizyt? Pierwsza wizyta u fizjoterapeuty kosztuje \u00a380. Cena kolejnych wizyt to \u00a370. Jak d\u0142ugo trwa pierwsza wizyta? Pierwsza wizyta trwa oko\u0142o 1h, podczas tej wizyty wykonana jest diagnostyka i terapia. Ile trwa kolejna [&hellip;]<\/p>\n","protected":false},"author":1,"featured_media":0,"parent":0,"menu_order":0,"comment_status":"closed","ping_status":"closed","template":"","meta":[],"yst_prominent_words":[],"_links":{"self":[{"href":"https:\/\/reading-physio.co.uk\/pl\/wp-json\/wp\/v2\/pages\/279\/"}],"collection":[{"href":"https:\/\/reading-physio.co.uk\/pl\/wp-json\/wp\/v2\/pages\/"}],"about":[{"href":"https:\/\/reading-physio.co.uk\/pl\/wp-json\/wp\/v2\/types\/page\/"}],"author":[{"embeddable":true,"href":"https:\/\/reading-physio.co.uk\/pl\/wp-json\/wp\/v2\/users\/1\/"}],"replies":[{"embeddable":true,"href":"https:\/\/reading-physio.co.uk\/pl\/wp-json\/wp\/v2\/comments\/?post=279"}],"version-history":[{"count":7,"href":"https:\/\/reading-physio.co.uk\/pl\/wp-json\/wp\/v2\/pages\/279\/revisions\/"}],"predecessor-version":[{"id":818,"href":"https:\/\/reading-physio.co.uk\/pl\/wp-json\/wp\/v2\/pages\/279\/revisions\/818\/"}],"wp:attachment":[{"href":"https:\/\/reading-physio.co.uk\/pl\/wp-json\/wp\/v2\/media\/?parent=279"}],"wp:term":[{"taxonomy":"yst_prominent_words","embeddable":true,"href":"https:\/\/reading-physio.co.uk\/pl\/wp-json\/wp\/v2\/yst_prominent_words\/?post=279"}],"curies":[{"name":"wp","href":"https:\/\/api.w.org\/{rel}","templated":true}]}}