{"id":277,"date":"2015-02-27T01:41:26","date_gmt":"2015-02-27T01:41:26","guid":{"rendered":"https:\/\/reading-physio.co.uk\/?page_id=277"},"modified":"2022-12-27T21:16:30","modified_gmt":"2022-12-27T21:16:30","slug":"cennik","status":"publish","type":"page","link":"https:\/\/reading-physio.co.uk\/pl\/cennik\/","title":{"rendered":"Cennik"},"content":{"rendered":"[vc_row][vc_column][vc_column_text]Pierwsza wizyta kosztuje \u00a370 i trwa oko\u0142o 60 minut.<\/p>\n<p>Na pierwszej wizycie wykonywana jest pe\u0142na diagnostyka funkcjonalna (fizjoterapeutyczna) oraz wst\u0119pna terapia.<\/p>\n<p>Kolejne wizyty kosztuj\u0105 \u00a360 i trwaj\u0105 oko\u0142o 45 minut.<\/p>\n<p>&nbsp;<\/p>\n<p>W trakcie tych wizyt wykonywane s\u0105 zabiegi lecznicze, monitorowany jest progres terapii oraz wykonywane jest badanie przesiewowe kolejnych struktur (screening).<\/p>\n<p>P\u0142atno\u015b\u0107 got\u00f3wk\u0105, kart\u0105 lub przelewem na konto.<\/p>\n<p>&nbsp;<\/p>\n<div class=\"call-to-action\">\n<p class=\"desc btn-large\"><a class=\"btn btn-custom btn-large\" title=\"Kontakt\" href=\"https:\/\/reading-physio.co.uk\/pl\/kontakt\/\" data-bgcolor=\"#ff740e\" data-bghovercolor=\"#ff8d25\">Zarezerwuj wizyt\u0119<\/a><\/p>\n<\/div>\n[\/vc_column_text]<div class=\"row-fluid alterna-space normal \"><\/div>[\/vc_column][\/vc_row][vc_row][vc_column width=&#8221;1\/3&#8243;][vc_single_image image=&#8221;212&#8243; img_size=&#8221;full&#8221; alignment=&#8221;center&#8221;][\/vc_column][vc_column width=&#8221;1\/3&#8243;][vc_single_image image=&#8221;213&#8243; img_size=&#8221;full&#8221; alignment=&#8221;center&#8221;][\/vc_column][vc_column width=&#8221;1\/3&#8243;][vc_single_image image=&#8221;214&#8243; img_size=&#8221;full&#8221; alignment=&#8221;center&#8221;][\/vc_column][\/vc_row][vc_row][vc_column][vc_column_text]\n[\/vc_column_text][\/vc_column][\/vc_row]\n","protected":false},"excerpt":{"rendered":"<p>[vc_row][vc_column][vc_column_text]Pierwsza wizyta kosztuje \u00a370 i trwa oko\u0142o 60 minut. Na pierwszej wizycie wykonywana jest pe\u0142na diagnostyka funkcjonalna (fizjoterapeutyczna) oraz wst\u0119pna terapia. Kolejne wizyty kosztuj\u0105 \u00a360 i trwaj\u0105 oko\u0142o 45 minut. &nbsp; W trakcie tych wizyt wykonywane s\u0105 zabiegi lecznicze, monitorowany jest progres terapii oraz wykonywane jest badanie przesiewowe kolejnych struktur (screening). P\u0142atno\u015b\u0107 got\u00f3wk\u0105, kart\u0105 lub [&hellip;]<\/p>\n","protected":false},"author":1,"featured_media":0,"parent":0,"menu_order":0,"comment_status":"closed","ping_status":"closed","template":"","meta":[],"yst_prominent_words":[],"_links":{"self":[{"href":"https:\/\/reading-physio.co.uk\/pl\/wp-json\/wp\/v2\/pages\/277\/"}],"collection":[{"href":"https:\/\/reading-physio.co.uk\/pl\/wp-json\/wp\/v2\/pages\/"}],"about":[{"href":"https:\/\/reading-physio.co.uk\/pl\/wp-json\/wp\/v2\/types\/page\/"}],"author":[{"embeddable":true,"href":"https:\/\/reading-physio.co.uk\/pl\/wp-json\/wp\/v2\/users\/1\/"}],"replies":[{"embeddable":true,"href":"https:\/\/reading-physio.co.uk\/pl\/wp-json\/wp\/v2\/comments\/?post=277"}],"version-history":[{"count":3,"href":"https:\/\/reading-physio.co.uk\/pl\/wp-json\/wp\/v2\/pages\/277\/revisions\/"}],"predecessor-version":[{"id":800,"href":"https:\/\/reading-physio.co.uk\/pl\/wp-json\/wp\/v2\/pages\/277\/revisions\/800\/"}],"wp:attachment":[{"href":"https:\/\/reading-physio.co.uk\/pl\/wp-json\/wp\/v2\/media\/?parent=277"}],"wp:term":[{"taxonomy":"yst_prominent_words","embeddable":true,"href":"https:\/\/reading-physio.co.uk\/pl\/wp-json\/wp\/v2\/yst_prominent_words\/?post=277"}],"curies":[{"name":"wp","href":"https:\/\/api.w.org\/{rel}","templated":true}]}}