{"id":275,"date":"2015-02-27T01:40:39","date_gmt":"2015-02-27T01:40:39","guid":{"rendered":"https:\/\/reading-physio.co.uk\/?page_id=275"},"modified":"2018-11-06T13:02:19","modified_gmt":"2018-11-06T13:02:19","slug":"rezerwacje","status":"publish","type":"page","link":"https:\/\/reading-physio.co.uk\/pl\/rezerwacje\/","title":{"rendered":"Rezerwacje"},"content":{"rendered":"[vc_row][vc_column width=&#8221;1\/1&#8243;][vc_column_text]Rezerwacji mo\u017cna dokonywa\u0107 pod numerami telefon\u00f3w\u00a0\u00a0<strong>7804 200419<\/strong> lub <strong>07515 539395. <\/strong>Alternatywnie, prosimy o wys\u0142anie emaila <a href=\"mailto:info@reading-physio.co.uk\">info@reading-physio.co.uk<\/a><\/p>\n<p>&nbsp;<\/p>\n<div class=\"call-to-action\">\n<p class=\"desc btn-large\"><a class=\"btn btn-custom btn-large\" title=\"Kontakt\" href=\"https:\/\/reading-physio.co.uk\/pl\/kontakt\/\" data-bgcolor=\"#ff740e\" data-bghovercolor=\"#ff8d25\">Zarezerwuj wizyt\u0119<\/a><\/p>\n<\/div>\n[\/vc_column_text]<div class=\"row-fluid alterna-space normal \"><\/div>[\/vc_column][\/vc_row][vc_row][vc_column width=&#8221;1\/3&#8243;][vc_single_image image=&#8221;212&#8243; alignment=&#8221;center&#8221; border_color=&#8221;grey&#8221; img_link_large=&#8221;&#8221; img_link_target=&#8221;_self&#8221; img_size=&#8221;full&#8221;][\/vc_column][vc_column width=&#8221;1\/3&#8243;][vc_single_image image=&#8221;213&#8243; alignment=&#8221;center&#8221; border_color=&#8221;grey&#8221; img_link_large=&#8221;&#8221; img_link_target=&#8221;_self&#8221; img_size=&#8221;full&#8221;][\/vc_column][vc_column width=&#8221;1\/3&#8243;][vc_single_image image=&#8221;214&#8243; alignment=&#8221;center&#8221; border_color=&#8221;grey&#8221; img_link_large=&#8221;&#8221; img_link_target=&#8221;_self&#8221; img_size=&#8221;full&#8221;][\/vc_column][\/vc_row][vc_row][vc_column][vc_column_text]\n[\/vc_column_text][\/vc_column][\/vc_row]\n","protected":false},"excerpt":{"rendered":"<p>[vc_row][vc_column width=&#8221;1\/1&#8243;][vc_column_text]Rezerwacji mo\u017cna dokonywa\u0107 pod numerami telefon\u00f3w\u00a0\u00a07804 200419 lub 07515 539395. Alternatywnie, prosimy o wys\u0142anie emaila info@reading-physio.co.uk &nbsp; Zarezerwuj wizyt\u0119 [\/vc_column_text][\/vc_column][\/vc_row][vc_row][vc_column width=&#8221;1\/3&#8243;][vc_single_image image=&#8221;212&#8243; alignment=&#8221;center&#8221; border_color=&#8221;grey&#8221; img_link_large=&#8221;&#8221; img_link_target=&#8221;_self&#8221; img_size=&#8221;full&#8221;][\/vc_column][vc_column width=&#8221;1\/3&#8243;][vc_single_image image=&#8221;213&#8243; alignment=&#8221;center&#8221; border_color=&#8221;grey&#8221; img_link_large=&#8221;&#8221; img_link_target=&#8221;_self&#8221; img_size=&#8221;full&#8221;][\/vc_column][vc_column width=&#8221;1\/3&#8243;][vc_single_image image=&#8221;214&#8243; alignment=&#8221;center&#8221; border_color=&#8221;grey&#8221; img_link_large=&#8221;&#8221; img_link_target=&#8221;_self&#8221; img_size=&#8221;full&#8221;][\/vc_column][\/vc_row][vc_row][vc_column][vc_column_text] [\/vc_column_text][\/vc_column][\/vc_row]<\/p>\n","protected":false},"author":1,"featured_media":0,"parent":0,"menu_order":0,"comment_status":"closed","ping_status":"closed","template":"","meta":[],"yst_prominent_words":[],"_links":{"self":[{"href":"https:\/\/reading-physio.co.uk\/pl\/wp-json\/wp\/v2\/pages\/275\/"}],"collection":[{"href":"https:\/\/reading-physio.co.uk\/pl\/wp-json\/wp\/v2\/pages\/"}],"about":[{"href":"https:\/\/reading-physio.co.uk\/pl\/wp-json\/wp\/v2\/types\/page\/"}],"author":[{"embeddable":true,"href":"https:\/\/reading-physio.co.uk\/pl\/wp-json\/wp\/v2\/users\/1\/"}],"replies":[{"embeddable":true,"href":"https:\/\/reading-physio.co.uk\/pl\/wp-json\/wp\/v2\/comments\/?post=275"}],"version-history":[{"count":0,"href":"https:\/\/reading-physio.co.uk\/pl\/wp-json\/wp\/v2\/pages\/275\/revisions\/"}],"wp:attachment":[{"href":"https:\/\/reading-physio.co.uk\/pl\/wp-json\/wp\/v2\/media\/?parent=275"}],"wp:term":[{"taxonomy":"yst_prominent_words","embeddable":true,"href":"https:\/\/reading-physio.co.uk\/pl\/wp-json\/wp\/v2\/yst_prominent_words\/?post=275"}],"curies":[{"name":"wp","href":"https:\/\/api.w.org\/{rel}","templated":true}]}}