{"id":269,"date":"2015-02-27T01:37:15","date_gmt":"2015-02-27T01:37:15","guid":{"rendered":"https:\/\/reading-physio.co.uk\/?page_id=269"},"modified":"2025-07-10T15:37:42","modified_gmt":"2025-07-10T15:37:42","slug":"terapeuci","status":"publish","type":"page","link":"https:\/\/reading-physio.co.uk\/pl\/terapeuci\/","title":{"rendered":"Terapeuci"},"content":{"rendered":"[vc_row][vc_column][vc_column_text]<strong><a href=\"https:\/\/reading-physio.co.uk\/wp-content\/uploads\/2019\/06\/Zdjecie-do-strony.jpg\"><img loading=\"lazy\" class=\"aligncenter wp-image-474 size-thumbnail\" src=\"https:\/\/reading-physio.co.uk\/wp-content\/uploads\/2019\/06\/Zdjecie-do-strony-150x150.jpg\" alt=\"\" width=\"150\" height=\"150\" \/><\/a><\/strong><\/p>\n<h3 style=\"text-align: center;\"><strong>Jakub Chudecki\u00a0<\/strong><\/h3>\n<p>Fizjoterapeuta z bogatym do\u015bwiadczeniem terapeutycznym w Polsce i Wielkiej Brytanii. W zawodzie pracuje od 26 lat. Jest zarejestrowany w <a href=\"https:\/\/www.hcpc-uk.org\/check-the-register\/\" target=\"_blank\" rel=\"noopener\">Health and Care Professions Council<\/a> oraz <a href=\"https:\/\/www.csp.org.uk\/\" target=\"_blank\" rel=\"noopener\">Chartered Society of Physiotherapy<\/a>.<\/p>\n<p>Pracowa\u0142 dla NHS jako first contact practitioner, gdzie zast\u0119powa\u0142 lekarza GP w przypadkach zwi\u0105zanych z zaburzeniami uk\u0142adu ruchu i b\u00f3lami w uk\u0142adzie mi\u0119\u015bniowo &#8211; szkieletowym.<\/p>\n<p>Jest absolwentem Akademii Wychowania Fizycznego w Krakowie, kierunek fizjoterapia. Dodatkowo uko\u0144czy\u0142 studia podyplomowe w zakresie wychowania fizycznego. Uko\u0144czy\u0142 wiele kurs\u00f3w podyplomowych w zakresie diagnostyki i terapii manualnej. Od tamtej pory rozwija si\u0119 zawodowo poprzez liczne szkolenia zawodowe. Prywatnie uprawia Crossfit. Jest mi\u0142o\u015bnikiem hokeja na lodzie oraz czynnym zawodnikiem.<\/p>\n<h3 style=\"text-align: center;\"><strong>Sylwia Chudecki<\/strong><\/h3>\n<p>Jest absolwentem presti\u017cowej szko\u0142y masa\u017cu London School of Massage.\u00a0 Posiada akredytacj\u0119 <em>VTCT (ITEC)<\/em>\u00a0uprawniaj\u0105c\u0105 do pracy w zawodzie masa\u017cysty na terenie Wielkiej Brytanii i jest cz\u0142onkiem FHT (<a href=\"https:\/\/www.fht.org.uk\/\">Federation of Holistic Therapists<\/a>). Uko\u0144czy\u0142a szkolenia z masa\u017cu klasycznego, sportowego i limfatycznego. Dodatkowo uko\u0144czy\u0142a roczny kurs w zakresie anatomii i fizjologii w Reading College, przygotowuj\u0105cy do studi\u00f3w na kierunku fizjoterapia, jest absolwentem UWL kierunek piel\u0119gniarstwo.[\/vc_column_text]<div class=\"row-fluid alterna-space normal \"><\/div>[\/vc_column][\/vc_row][vc_row][vc_column width=&#8221;1\/3&#8243;][vc_single_image image=&#8221;212&#8243; img_size=&#8221;full&#8221; alignment=&#8221;center&#8221; onclick=&#8221;custom_link&#8221; img_link_target=&#8221;_blank&#8221; link=&#8221;https:\/\/www.csp.org.uk\/&#8221;][\/vc_column][vc_column width=&#8221;1\/3&#8243;][vc_single_image image=&#8221;213&#8243; img_size=&#8221;full&#8221; alignment=&#8221;center&#8221; onclick=&#8221;custom_link&#8221; img_link_target=&#8221;_blank&#8221; link=&#8221;https:\/\/www.csp.org.uk\/&#8221;][\/vc_column][vc_column width=&#8221;1\/3&#8243;][vc_single_image image=&#8221;214&#8243; img_size=&#8221;full&#8221; alignment=&#8221;center&#8221; onclick=&#8221;custom_link&#8221; img_link_target=&#8221;_blank&#8221; link=&#8221;https:\/\/www.hcpc-uk.org\/check-the-register\/&#8221;][\/vc_column][\/vc_row]\n","protected":false},"excerpt":{"rendered":"<p>[vc_row][vc_column][vc_column_text] Jakub Chudecki\u00a0 Fizjoterapeuta z bogatym do\u015bwiadczeniem terapeutycznym w Polsce i Wielkiej Brytanii. W zawodzie pracuje od 26 lat. Jest zarejestrowany w Health and Care Professions Council oraz Chartered Society of Physiotherapy. Pracowa\u0142 dla NHS jako first contact practitioner, gdzie zast\u0119powa\u0142 lekarza GP w przypadkach zwi\u0105zanych z zaburzeniami uk\u0142adu ruchu i b\u00f3lami w uk\u0142adzie mi\u0119\u015bniowo [&hellip;]<\/p>\n","protected":false},"author":1,"featured_media":0,"parent":0,"menu_order":0,"comment_status":"closed","ping_status":"closed","template":"","meta":[],"yst_prominent_words":[],"_links":{"self":[{"href":"https:\/\/reading-physio.co.uk\/pl\/wp-json\/wp\/v2\/pages\/269\/"}],"collection":[{"href":"https:\/\/reading-physio.co.uk\/pl\/wp-json\/wp\/v2\/pages\/"}],"about":[{"href":"https:\/\/reading-physio.co.uk\/pl\/wp-json\/wp\/v2\/types\/page\/"}],"author":[{"embeddable":true,"href":"https:\/\/reading-physio.co.uk\/pl\/wp-json\/wp\/v2\/users\/1\/"}],"replies":[{"embeddable":true,"href":"https:\/\/reading-physio.co.uk\/pl\/wp-json\/wp\/v2\/comments\/?post=269"}],"version-history":[{"count":17,"href":"https:\/\/reading-physio.co.uk\/pl\/wp-json\/wp\/v2\/pages\/269\/revisions\/"}],"predecessor-version":[{"id":829,"href":"https:\/\/reading-physio.co.uk\/pl\/wp-json\/wp\/v2\/pages\/269\/revisions\/829\/"}],"wp:attachment":[{"href":"https:\/\/reading-physio.co.uk\/pl\/wp-json\/wp\/v2\/media\/?parent=269"}],"wp:term":[{"taxonomy":"yst_prominent_words","embeddable":true,"href":"https:\/\/reading-physio.co.uk\/pl\/wp-json\/wp\/v2\/yst_prominent_words\/?post=269"}],"curies":[{"name":"wp","href":"https:\/\/api.w.org\/{rel}","templated":true}]}}