{"id":267,"date":"2015-02-27T01:30:37","date_gmt":"2015-02-27T01:30:37","guid":{"rendered":"https:\/\/reading-physio.co.uk\/?page_id=267"},"modified":"2023-10-16T06:03:45","modified_gmt":"2023-10-16T06:03:45","slug":"home","status":"publish","type":"page","link":"https:\/\/reading-physio.co.uk\/pl\/","title":{"rendered":"Strona g\u0142\u00f3wna"},"content":{"rendered":"[vc_row][vc_column]<div  class=\"row-fluid wide-background \" style=\"background:#222222;margin-top:-20px\">\n<h1 style=\"text-align: center;\"><strong><span style=\"color: #ffffff;\">Fizjoterapia<\/span> <span style=\"color: #24549e;\">w Reading<\/span><\/strong><\/h1>\n<\/div>[\/vc_column][\/vc_row][vc_row el_class=&#8221;spaces-fix&#8221;][vc_column][vc_column_text]\n<h2 style=\"text-align: center;\">\u00a0Fizjoterapia, rehabilitacja, masa\u017c<\/h2>\n<p style=\"text-align: center;\"><strong>Reading Physio<\/strong>\u00a0oferuje zabiegi w zakresie rehabilitacji, fizjoterapii oraz masa\u017cu dla pacjent\u00f3w indywidualnych, klub\u00f3w sportowych i dom\u00f3w opieki na terenie Reading.<\/p>\n<p style=\"text-align: center;\">Gabinet znajduje si\u0119 pod adresem 29 Bromley Walk, Reading RG30 4LR.<\/p>\n<p style=\"text-align: center;\">Wymagana jest rejestracja telefoniczna.<\/p>\n<p style=\"text-align: center;\">Wi\u0119cej informacji pod numerem telefonu\u00a0<strong>07804 200 419 lub 07515539395<\/strong><\/p>\n[\/vc_column_text][\/vc_column][\/vc_row][vc_row el_class=&#8221;spaces-fix&#8221;][vc_column]<div  class=\"row-fluid wide-background \" style=\"\">\n<div class=\"row-fluid\">\n<div class=\"span4\">\n<h3 class=\"home-fix\">Diagnostyka i terapia manualna<\/h3>\n<p><a href=\"https:\/\/reading-physio.co.uk\/pl\/metody-terapeutyczne\/\"><img loading=\"lazy\" class=\"aligncenter\" src=\"https:\/\/reading-physio.co.uk\/wp-content\/uploads\/2015\/02\/biomechanical.jpg\" alt=\"\" width=\"280\" height=\"100\" \/><\/a><\/p>\n<p style=\"text-align: center;\">Badanie, ocena, nowoczesna terapia<\/p>\n<p style=\"text-align: center;\"><a class=\"btn btn-primary \" href=\"https:\/\/reading-physio.co.uk\/pl\/metody-terapeutyczne\/\" target=\"_blank\" rel=\"noopener\" data-bgcolor=\"#CC3333\" data-bghovercolor=\"#242424\" data-txtcolor=\"#FFFFFF\" data-txthovercolor=\"#FFFFFF\">Wi\u0119cej<\/a><\/p>\n<p style=\"text-align: center;\">\n<\/div>\n<div class=\"span4\">\n<h3 class=\"home-fix\">Kinesio taping i taping medyczny<\/h3>\n<p style=\"text-align: center;\"><img loading=\"lazy\" class=\"aligncenter\" src=\"https:\/\/reading-physio.co.uk\/wp-content\/uploads\/2015\/02\/sprains.jpg\" alt=\"sprains\" width=\"280\" height=\"100\" \/><\/p>\n<p style=\"text-align: center;\">Efektywne metody wspomagaj\u0105ce terapi\u0119<\/p>\n<p style=\"text-align: center;\"><a class=\"btn btn-primary \" href=\"https:\/\/reading-physio.co.uk\/pl\/metody-terapeutyczne\/\" target=\"_blank\" rel=\"noopener\" data-bgcolor=\"#CC3333\" data-bghovercolor=\"#242424\" data-txtcolor=\"#FFFFFF\" data-txthovercolor=\"#FFFFFF\">Wi\u0119cej<\/a><\/p>\n<\/div>\n<div class=\"span4\">\n<h3 style=\"text-align: center;\">Pomoc w stanach ostrych i przewlek\u0142ych<\/h3>\n<p style=\"text-align: center;\"><img loading=\"lazy\" src=\"https:\/\/reading-physio.co.uk\/wp-content\/uploads\/2015\/02\/pain.jpg\" alt=\"sprains\" width=\"280\" height=\"100\" \/><\/p>\n<p style=\"text-align: center;\">Terapia dostosowana do stanu pacjenta<\/p>\n<p style=\"text-align: center;\"><a class=\"btn btn-primary \" href=\"https:\/\/reading-physio.co.uk\/pl\/metody-terapeutyczne\/\" rel=\"noopener\" data-bgcolor=\"#CC3333\" data-bghovercolor=\"#242424\" data-txtcolor=\"#FFFFFF\" data-txthovercolor=\"#FFFFFF\">Wi\u0119cej<\/a><\/p>\n<\/div>\n<\/div>\n<\/div>[\/vc_column][\/vc_row][vc_row el_class=&#8221;spaces-fix&#8221;][vc_column width=&#8221;1\/3&#8243;]<div class=\"alterna-new-title row-fluid  left line-center\"><div class=\"new-line\" ><\/div><div class=\"new-title-container show-bg \" ><h3 class=\"bold \" style=\"color:#24559e;\">Co leczymy<\/h3><\/div><\/div>[vc_column_text]\n<ul>\n<li><a title=\"Zesp\u00f3\u0142 g\u00f3rnego otworu klatki piersiowej\" href=\"https:\/\/reading-physio.co.uk\/pl\/schorzenia\/\">Zesp\u00f3\u0142 g\u00f3rnego otworu klatki piersiowej<\/a><\/li>\n<li><a title=\"Zapalenie zarostowe torebki stawu ramiennego \" href=\"https:\/\/reading-physio.co.uk\/pl\/schorzenia\/\">Zamro\u017cony bark<\/a><\/li>\n<li><a title=\"B\u00f3le karku\" href=\"https:\/\/reading-physio.co.uk\/co-leczymy\">B\u00f3le karku<\/a><\/li>\n<li><a title=\"B\u00f3le plec\u00f3w\" href=\"https:\/\/reading-physio.co.uk\/co-leczymy\">B\u00f3le plec\u00f3w<\/a><\/li>\n<li><a title=\"Rwa kulszowa\" href=\"https:\/\/reading-physio.co.uk\/co-leczymy\">Rwa kulszowa<\/a><\/li>\n<li><a title=\"Choroba zwyrodnieniowa staw\u00f3w\" href=\"https:\/\/reading-physio.co.uk\/co-leczymy\">Choroba zwyrodnieniowa staw\u00f3w<\/a><\/li>\n<li><a title=\"B\u00f3le g\u0142owy\" href=\"https:\/\/reading-physio.co.uk\/co-leczymy\">B\u00f3le g\u0142owy<\/a><\/li>\n<li><a title=\"Zapalenie nadk\u0142ykcia bocznego ko\u015bci ramiennej\" href=\"https:\/\/reading-physio.co.uk\/co-leczymy\">Zapalenie nadk\u0142ykcia bocznego ko\u015bci ramiennej<\/a><\/li>\n<li><a title=\"Skolioza\" href=\"https:\/\/reading-physio.co.uk\/co-leczymy\">Skolioza<\/a><\/li>\n<li><a title=\"Zwichni\u0119cia i nadwyr\u0119\u017cenia\" href=\"https:\/\/reading-physio.co.uk\/co-leczymy\">Zwichni\u0119cia i nadwyr\u0119\u017cenia<\/a><\/li>\n<li>Rehabilitacja w schorzeniach neurologicznych<\/li>\n<li>Rehabilitacja ortopedyczna, pooperacyjna<\/li>\n<\/ul>\n[\/vc_column_text][\/vc_column][vc_column width=&#8221;1\/3&#8243;][vc_single_image image=&#8221;209&#8243; img_size=&#8221;full&#8221; alignment=&#8221;center&#8221;][\/vc_column][vc_column width=&#8221;1\/3&#8243;]<div class=\"alterna-new-title row-fluid  left line-center\"><div class=\"new-line\" ><\/div><div class=\"new-title-container show-bg \" ><h3 class=\"bold \" style=\"color:#24559e;\">Gdzie leczymy<\/h3><\/div><\/div>[vc_column_text]\u015awiadczymy us\u0142ugi dla pacjent\u00f3w w obr\u0119bie Reading. W razie jakichkolwiek pyta\u0144, prosimy o<a title=\"kontakt\" href=\"https:\/\/reading-physio.co.uk\/pl\/kontakt\"> Kontakt<\/a>.[\/vc_column_text][\/vc_column][\/vc_row][vc_row][vc_column][vc_separator style=&#8221;dashed&#8221;][\/vc_column][\/vc_row][vc_row][vc_column width=&#8221;1\/3&#8243;][vc_single_image image=&#8221;212&#8243; img_size=&#8221;full&#8221; alignment=&#8221;center&#8221;][\/vc_column][vc_column width=&#8221;1\/3&#8243;][vc_single_image image=&#8221;213&#8243; img_size=&#8221;full&#8221; alignment=&#8221;center&#8221;][\/vc_column][vc_column width=&#8221;1\/3&#8243;][vc_single_image image=&#8221;214&#8243; img_size=&#8221;full&#8221; alignment=&#8221;center&#8221;][\/vc_column][\/vc_row]\n","protected":false},"excerpt":{"rendered":"<p>[vc_row][vc_column][\/vc_column][\/vc_row][vc_row el_class=&#8221;spaces-fix&#8221;][vc_column][vc_column_text] \u00a0Fizjoterapia, rehabilitacja, masa\u017c Reading Physio\u00a0oferuje zabiegi w zakresie rehabilitacji, fizjoterapii oraz masa\u017cu dla pacjent\u00f3w indywidualnych, klub\u00f3w sportowych i dom\u00f3w opieki na terenie Reading. Gabinet znajduje si\u0119 pod adresem 29 Bromley Walk, Reading RG30 4LR. Wymagana jest rejestracja telefoniczna. Wi\u0119cej informacji pod numerem telefonu\u00a007804 200 419 lub 07515539395 [\/vc_column_text][\/vc_column][\/vc_row][vc_row el_class=&#8221;spaces-fix&#8221;][vc_column][\/vc_column][\/vc_row][vc_row el_class=&#8221;spaces-fix&#8221;][vc_column width=&#8221;1\/3&#8243;][vc_column_text] Zesp\u00f3\u0142 g\u00f3rnego [&hellip;]<\/p>\n","protected":false},"author":1,"featured_media":0,"parent":0,"menu_order":0,"comment_status":"open","ping_status":"closed","template":"","meta":[],"yst_prominent_words":[],"_links":{"self":[{"href":"https:\/\/reading-physio.co.uk\/pl\/wp-json\/wp\/v2\/pages\/267\/"}],"collection":[{"href":"https:\/\/reading-physio.co.uk\/pl\/wp-json\/wp\/v2\/pages\/"}],"about":[{"href":"https:\/\/reading-physio.co.uk\/pl\/wp-json\/wp\/v2\/types\/page\/"}],"author":[{"embeddable":true,"href":"https:\/\/reading-physio.co.uk\/pl\/wp-json\/wp\/v2\/users\/1\/"}],"replies":[{"embeddable":true,"href":"https:\/\/reading-physio.co.uk\/pl\/wp-json\/wp\/v2\/comments\/?post=267"}],"version-history":[{"count":23,"href":"https:\/\/reading-physio.co.uk\/pl\/wp-json\/wp\/v2\/pages\/267\/revisions\/"}],"predecessor-version":[{"id":805,"href":"https:\/\/reading-physio.co.uk\/pl\/wp-json\/wp\/v2\/pages\/267\/revisions\/805\/"}],"wp:attachment":[{"href":"https:\/\/reading-physio.co.uk\/pl\/wp-json\/wp\/v2\/media\/?parent=267"}],"wp:term":[{"taxonomy":"yst_prominent_words","embeddable":true,"href":"https:\/\/reading-physio.co.uk\/pl\/wp-json\/wp\/v2\/yst_prominent_words\/?post=267"}],"curies":[{"name":"wp","href":"https:\/\/api.w.org\/{rel}","templated":true}]}}